{"id":1044,"date":"2025-07-08T12:15:49","date_gmt":"2025-07-08T15:15:49","guid":{"rendered":"https:\/\/fmis.rj.gov.br\/v1\/?page_id=1044"},"modified":"2025-11-28T19:50:12","modified_gmt":"2025-11-28T22:50:12","slug":"concurso_fotografico_fmis","status":"publish","type":"page","link":"https:\/\/fmis.rj.gov.br\/v1\/concurso_fotografico_fmis\/","title":{"rendered":"Concurso Fotogr\u00e1fico FMIS"},"content":{"rendered":"\n<div style=\"height:100px\" aria-hidden=\"true\" class=\"wp-block-spacer\"><\/div>\n\n\n\n<h2 class=\"wp-block-heading\">1\u00ba Concurso Fotogr\u00e1fico da Funda\u00e7\u00e3o Museu da Imagem e do Som do Estado do Rio de Janeiro<\/h2>\n\n\n\n<div class=\"wp-block-file\"><a id=\"wp-block-file--media-5539ab80-6688-444a-a158-400b0905e594\" href=\"https:\/\/fmis.rj.gov.br\/v1\/wp-content\/uploads\/2025\/11\/Resultado.pdf\" target=\"_blank\" rel=\"noreferrer noopener\"><strong>RESULTADO<\/strong><\/a><\/div>\n\n\n\n<div class=\"wp-block-file\"><a id=\"wp-block-file--media-4d1c89cf-698c-4fc8-948b-4ebe90b72843\" href=\"https:\/\/fmis.rj.gov.br\/v1\/wp-content\/uploads\/2025\/09\/EDITAL_1_CONCURSO_FOTOGRAFICO_FMIS.pdf\" target=\"_blank\" rel=\"noreferrer noopener\">Baixar o edital em PDF<\/a><\/div>\n\n\n\n<div class=\"wp-block-file\"><a id=\"wp-block-file--media-fddb550b-ff0c-4747-9d66-40227d3f6055\" href=\"https:\/\/fmis.rj.gov.br\/v1\/wp-content\/uploads\/2025\/09\/Anexo-I.pdf\" target=\"_blank\" rel=\"noreferrer noopener\">Anexo I<\/a><\/div>\n\n\n\n<div class=\"wp-block-file\"><a id=\"wp-block-file--media-6c2ca539-09e1-4513-b076-de1ea5b21315\" href=\"https:\/\/fmis.rj.gov.br\/v1\/wp-content\/uploads\/2025\/09\/Anexo-II.pdf\" target=\"_blank\" rel=\"noreferrer noopener\">Anexo II<\/a><\/div>\n\n\n\n<div class=\"wp-block-file\"><a id=\"wp-block-file--media-2dfc152f-72bd-4a53-89ec-4d032d3c9b8f\" href=\"https:\/\/fmis.rj.gov.br\/v1\/wp-content\/uploads\/2025\/09\/Anexo-III.pdf\" target=\"_blank\" rel=\"noreferrer noopener\">Anexo III<\/a><\/div>\n\n\n\n<div class=\"wp-block-file\"><a id=\"wp-block-file--media-e42b264b-8bda-43d6-9301-da1489a69d75\" href=\"https:\/\/fmis.rj.gov.br\/v1\/wp-content\/uploads\/2025\/11\/ANEXO-IV-CRONOGRAMA-2.0-2.pdf\" target=\"_blank\" rel=\"noreferrer noopener\">ANEXO IV &#8211; CRONOGRAMA 2.0<\/a><\/div>\n\n\n\n<p><a href=\"https:\/\/www.rj.gov.br\/servico\/1o-concurso-fotografico-da-fundacao-museu-da-imagem-e-do-som-do-estado-do-rio-de-janeiro43\" target=\"_blank\" rel=\"noreferrer noopener\">Link para inscri\u00e7\u00e3o<\/a><\/p>\n\n\n\n<p><\/p>\n\n\n<a href=\"https:\/\/fmis.rj.gov.br\/v1\/wp-content\/uploads\/2025\/09\/EDITAL_1_CONCURSO_FOTOGRAFICO_FMIS.pdf\" class=\"pdfemb-viewer\" style=\"\" data-width=\"max\" data-height=\"max\" data-toolbar=\"bottom\" data-toolbar-fixed=\"on\">EDITAL_1_CONCURSO_FOTOGRAFICO_FMIS<\/a>\n\n\n<div style=\"height:25px\" aria-hidden=\"true\" class=\"wp-block-spacer\"><\/div>\n\n\n\n<p><\/p>\n","protected":false},"excerpt":{"rendered":"<p>1\u00ba Concurso Fotogr\u00e1fico da Funda\u00e7\u00e3o Museu da Imagem e do Som do Estado do Rio de Janeiro Link para inscri\u00e7\u00e3o<\/p>\n","protected":false},"author":2,"featured_media":0,"parent":0,"menu_order":0,"comment_status":"closed","ping_status":"closed","template":"","meta":{"site-sidebar-layout":"default","site-content-layout":"","ast-site-content-layout":"","site-content-style":"default","site-sidebar-style":"default","ast-global-header-display":"","ast-banner-title-visibility":"","ast-main-header-display":"","ast-hfb-above-header-display":"","ast-hfb-below-header-display":"","ast-hfb-mobile-header-display":"","site-post-title":"disabled","ast-breadcrumbs-content":"","ast-featured-img":"","footer-sml-layout":"","ast-disable-related-posts":"","theme-transparent-header-meta":"","adv-header-id-meta":"","stick-header-meta":"","header-above-stick-meta":"","header-main-stick-meta":"","header-below-stick-meta":"","astra-migrate-meta-layouts":"default","ast-page-background-enabled":"default","ast-page-background-meta":{"desktop":{"background-color":"var(--ast-global-color-4)","background-image":"","background-repeat":"repeat","background-position":"center center","background-size":"auto","background-attachment":"scroll","background-type":"","background-media":"","overlay-type":"","overlay-color":"","overlay-opacity":"","overlay-gradient":""},"tablet":{"background-color":"","background-image":"","background-repeat":"repeat","background-position":"center center","background-size":"auto","background-attachment":"scroll","background-type":"","background-media":"","overlay-type":"","overlay-color":"","overlay-opacity":"","overlay-gradient":""},"mobile":{"background-color":"","background-image":"","background-repeat":"repeat","background-position":"center center","background-size":"auto","background-attachment":"scroll","background-type":"","background-media":"","overlay-type":"","overlay-color":"","overlay-opacity":"","overlay-gradient":""}},"ast-content-background-meta":{"desktop":{"background-color":"var(--ast-global-color-5)","background-image":"","background-repeat":"repeat","background-position":"center center","background-size":"auto","background-attachment":"scroll","background-type":"","background-media":"","overlay-type":"","overlay-color":"","overlay-opacity":"","overlay-gradient":""},"tablet":{"background-color":"var(--ast-global-color-5)","background-image":"","background-repeat":"repeat","background-position":"center center","background-size":"auto","background-attachment":"scroll","background-type":"","background-media":"","overlay-type":"","overlay-color":"","overlay-opacity":"","overlay-gradient":""},"mobile":{"background-color":"var(--ast-global-color-5)","background-image":"","background-repeat":"repeat","background-position":"center center","background-size":"auto","background-attachment":"scroll","background-type":"","background-media":"","overlay-type":"","overlay-color":"","overlay-opacity":"","overlay-gradient":""}},"footnotes":""},"folder":[],"class_list":["post-1044","page","type-page","status-publish","hentry"],"_links":{"self":[{"href":"https:\/\/fmis.rj.gov.br\/v1\/wp-json\/wp\/v2\/pages\/1044","targetHints":{"allow":["GET"]}}],"collection":[{"href":"https:\/\/fmis.rj.gov.br\/v1\/wp-json\/wp\/v2\/pages"}],"about":[{"href":"https:\/\/fmis.rj.gov.br\/v1\/wp-json\/wp\/v2\/types\/page"}],"author":[{"embeddable":true,"href":"https:\/\/fmis.rj.gov.br\/v1\/wp-json\/wp\/v2\/users\/2"}],"replies":[{"embeddable":true,"href":"https:\/\/fmis.rj.gov.br\/v1\/wp-json\/wp\/v2\/comments?post=1044"}],"version-history":[{"count":17,"href":"https:\/\/fmis.rj.gov.br\/v1\/wp-json\/wp\/v2\/pages\/1044\/revisions"}],"predecessor-version":[{"id":1363,"href":"https:\/\/fmis.rj.gov.br\/v1\/wp-json\/wp\/v2\/pages\/1044\/revisions\/1363"}],"wp:attachment":[{"href":"https:\/\/fmis.rj.gov.br\/v1\/wp-json\/wp\/v2\/media?parent=1044"}],"wp:term":[{"taxonomy":"folder","embeddable":true,"href":"https:\/\/fmis.rj.gov.br\/v1\/wp-json\/wp\/v2\/folder?post=1044"}],"curies":[{"name":"wp","href":"https:\/\/api.w.org\/{rel}","templated":true}]}}