{"id":267,"date":"2024-09-13T11:22:13","date_gmt":"2024-09-13T14:22:13","guid":{"rendered":"https:\/\/fmis.rj.gov.br\/v1\/?page_id=267"},"modified":"2026-04-14T11:00:12","modified_gmt":"2026-04-14T14:00:12","slug":"pesquisa-online","status":"publish","type":"page","link":"https:\/\/fmis.rj.gov.br\/v1\/pesquisa-online\/","title":{"rendered":"Pesquisa Online"},"content":{"rendered":"\n<div style=\"height:50px\" aria-hidden=\"true\" class=\"wp-block-spacer\"><\/div>\n\n\n\n<div class=\"wp-block-media-text has-media-on-the-right is-stacked-on-mobile is-vertically-aligned-center has-medium-font-size\" style=\"margin-right:0;margin-left:0;grid-template-columns:auto 80%\"><div class=\"wp-block-media-text__content\">\n<h1 class=\"wp-block-heading has-text-align-center\"><strong><mark style=\"background-color:rgba(0, 0, 0, 0)\" class=\"has-inline-color has-ast-global-color-1-color\">Pesquisa Online<\/mark><\/strong><\/h1>\n<\/div><figure class=\"wp-block-media-text__media\"><img loading=\"lazy\" decoding=\"async\" width=\"1024\" height=\"341\" src=\"https:\/\/fmis.rj.gov.br\/v1\/wp-content\/uploads\/2025\/12\/Copia-de-Logo_mis_abas_unica_geral-1-1-1024x341.png\" alt=\"\" class=\"wp-image-1401 size-full\" srcset=\"https:\/\/fmis.rj.gov.br\/v1\/wp-content\/uploads\/2025\/12\/Copia-de-Logo_mis_abas_unica_geral-1-1-1024x341.png 1024w, https:\/\/fmis.rj.gov.br\/v1\/wp-content\/uploads\/2025\/12\/Copia-de-Logo_mis_abas_unica_geral-1-1-300x100.png 300w, https:\/\/fmis.rj.gov.br\/v1\/wp-content\/uploads\/2025\/12\/Copia-de-Logo_mis_abas_unica_geral-1-1-768x256.png 768w, https:\/\/fmis.rj.gov.br\/v1\/wp-content\/uploads\/2025\/12\/Copia-de-Logo_mis_abas_unica_geral-1-1.png 1200w\" sizes=\"auto, (max-width: 1024px) 100vw, 1024px\" \/><\/figure><\/div>\n\n\n\n<div style=\"height:30px\" aria-hidden=\"true\" class=\"wp-block-spacer\"><\/div>\n\n\n\n<div style=\"height:20px\" aria-hidden=\"true\" class=\"wp-block-spacer\"><\/div>\n\n\n\n<p>\u2022 Endere\u00e7o:&nbsp;<a href=\"https:\/\/bd.mis.rj.gov.br\/\" target=\"_blank\" rel=\"noreferrer noopener\">https:\/\/bd.mis.rj.gov.b<\/a><a href=\"https:\/\/web.archive.org\/web\/20230223025814\/https:\/\/bd.mis.rj.gov.br\/\" target=\"_blank\" rel=\"noreferrer noopener\">r<\/a><\/p>\n\n\n\n<p>\u2022 Anotar previamente os C\u00f3digos e IPs para acesso ao conte\u00fado presencial.<\/p>\n\n\n\n<p>\u2022 O agendamento deve ser feito por e-mail, para o endere\u00e7o <a href=\"mailto:saladepesquisa@mis.rj.gov.br\" target=\"_blank\" rel=\"noreferrer noopener\">saladepesquisa@mis.rj.gov.br<\/a>, com o tema e sele\u00e7\u00e3o de itens com base no c\u00f3digo anterior e IPs. Em breve estaremos disponibilizando agendamento online tamb\u00e9m.<\/p>\n\n\n\n<figure class=\"wp-block-image aligncenter size-full has-custom-border\"><img loading=\"lazy\" decoding=\"async\" width=\"1295\" height=\"638\" src=\"https:\/\/fmis.rj.gov.br\/v1\/wp-content\/uploads\/2025\/12\/cap_acervo_online.jpg\" alt=\"\" class=\"has-border-color has-ast-global-color-0-border-color wp-image-1445\" style=\"border-width:2px\"\/><\/figure>\n\n\n\n<p><\/p>\n","protected":false},"excerpt":{"rendered":"<p>Pesquisa Online \u2022 Endere\u00e7o:&nbsp;https:\/\/bd.mis.rj.gov.br \u2022 Anotar previamente os C\u00f3digos e IPs para acesso ao conte\u00fado presencial. \u2022 O agendamento deve [&hellip;]<\/p>\n","protected":false},"author":3,"featured_media":0,"parent":0,"menu_order":0,"comment_status":"closed","ping_status":"closed","template":"","meta":{"site-sidebar-layout":"default","site-content-layout":"","ast-site-content-layout":"default","site-content-style":"default","site-sidebar-style":"default","ast-global-header-display":"","ast-banner-title-visibility":"","ast-main-header-display":"","ast-hfb-above-header-display":"","ast-hfb-below-header-display":"","ast-hfb-mobile-header-display":"","site-post-title":"disabled","ast-breadcrumbs-content":"","ast-featured-img":"","footer-sml-layout":"","ast-disable-related-posts":"","theme-transparent-header-meta":"","adv-header-id-meta":"","stick-header-meta":"","header-above-stick-meta":"","header-main-stick-meta":"","header-below-stick-meta":"","astra-migrate-meta-layouts":"default","ast-page-background-enabled":"default","ast-page-background-meta":{"desktop":{"background-color":"var(--ast-global-color-4)","background-image":"","background-repeat":"repeat","background-position":"center center","background-size":"auto","background-attachment":"scroll","background-type":"","background-media":"","overlay-type":"","overlay-color":"","overlay-opacity":"","overlay-gradient":""},"tablet":{"background-color":"","background-image":"","background-repeat":"repeat","background-position":"center center","background-size":"auto","background-attachment":"scroll","background-type":"","background-media":"","overlay-type":"","overlay-color":"","overlay-opacity":"","overlay-gradient":""},"mobile":{"background-color":"","background-image":"","background-repeat":"repeat","background-position":"center center","background-size":"auto","background-attachment":"scroll","background-type":"","background-media":"","overlay-type":"","overlay-color":"","overlay-opacity":"","overlay-gradient":""}},"ast-content-background-meta":{"desktop":{"background-color":"var(--ast-global-color-5)","background-image":"","background-repeat":"repeat","background-position":"center center","background-size":"auto","background-attachment":"scroll","background-type":"","background-media":"","overlay-type":"","overlay-color":"","overlay-opacity":"","overlay-gradient":""},"tablet":{"background-color":"var(--ast-global-color-5)","background-image":"","background-repeat":"repeat","background-position":"center center","background-size":"auto","background-attachment":"scroll","background-type":"","background-media":"","overlay-type":"","overlay-color":"","overlay-opacity":"","overlay-gradient":""},"mobile":{"background-color":"var(--ast-global-color-5)","background-image":"","background-repeat":"repeat","background-position":"center center","background-size":"auto","background-attachment":"scroll","background-type":"","background-media":"","overlay-type":"","overlay-color":"","overlay-opacity":"","overlay-gradient":""}},"footnotes":""},"folder":[],"class_list":["post-267","page","type-page","status-publish","hentry"],"_links":{"self":[{"href":"https:\/\/fmis.rj.gov.br\/v1\/wp-json\/wp\/v2\/pages\/267","targetHints":{"allow":["GET"]}}],"collection":[{"href":"https:\/\/fmis.rj.gov.br\/v1\/wp-json\/wp\/v2\/pages"}],"about":[{"href":"https:\/\/fmis.rj.gov.br\/v1\/wp-json\/wp\/v2\/types\/page"}],"author":[{"embeddable":true,"href":"https:\/\/fmis.rj.gov.br\/v1\/wp-json\/wp\/v2\/users\/3"}],"replies":[{"embeddable":true,"href":"https:\/\/fmis.rj.gov.br\/v1\/wp-json\/wp\/v2\/comments?post=267"}],"version-history":[{"count":20,"href":"https:\/\/fmis.rj.gov.br\/v1\/wp-json\/wp\/v2\/pages\/267\/revisions"}],"predecessor-version":[{"id":1612,"href":"https:\/\/fmis.rj.gov.br\/v1\/wp-json\/wp\/v2\/pages\/267\/revisions\/1612"}],"wp:attachment":[{"href":"https:\/\/fmis.rj.gov.br\/v1\/wp-json\/wp\/v2\/media?parent=267"}],"wp:term":[{"taxonomy":"folder","embeddable":true,"href":"https:\/\/fmis.rj.gov.br\/v1\/wp-json\/wp\/v2\/folder?post=267"}],"curies":[{"name":"wp","href":"https:\/\/api.w.org\/{rel}","templated":true}]}}