{"id":376,"date":"2024-09-20T11:10:36","date_gmt":"2024-09-20T14:10:36","guid":{"rendered":"https:\/\/fmis.rj.gov.br\/v1\/?page_id=376"},"modified":"2026-04-14T10:56:27","modified_gmt":"2026-04-14T13:56:27","slug":"doacoes","status":"publish","type":"page","link":"https:\/\/fmis.rj.gov.br\/v1\/doacoes\/","title":{"rendered":"Doa\u00e7\u00f5es"},"content":{"rendered":"\n<div style=\"height:50px\" aria-hidden=\"true\" class=\"wp-block-spacer\"><\/div>\n\n\n\n<div class=\"wp-block-media-text has-media-on-the-right is-stacked-on-mobile is-vertically-aligned-center has-medium-font-size\" style=\"margin-right:0;margin-left:0;grid-template-columns:auto 80%\"><div class=\"wp-block-media-text__content\">\n<h1 class=\"wp-block-heading has-text-align-center\"><strong><mark style=\"background-color:rgba(0, 0, 0, 0)\" class=\"has-inline-color has-ast-global-color-1-color\">Doa\u00e7\u00f5es<\/mark><\/strong><\/h1>\n<\/div><figure class=\"wp-block-media-text__media\"><img loading=\"lazy\" decoding=\"async\" width=\"1024\" height=\"341\" src=\"https:\/\/fmis.rj.gov.br\/v1\/wp-content\/uploads\/2025\/12\/Copia-de-Logo_mis_abas_unica_geral-1-1-1024x341.png\" alt=\"\" class=\"wp-image-1401 size-full\" srcset=\"https:\/\/fmis.rj.gov.br\/v1\/wp-content\/uploads\/2025\/12\/Copia-de-Logo_mis_abas_unica_geral-1-1-1024x341.png 1024w, https:\/\/fmis.rj.gov.br\/v1\/wp-content\/uploads\/2025\/12\/Copia-de-Logo_mis_abas_unica_geral-1-1-300x100.png 300w, https:\/\/fmis.rj.gov.br\/v1\/wp-content\/uploads\/2025\/12\/Copia-de-Logo_mis_abas_unica_geral-1-1-768x256.png 768w, https:\/\/fmis.rj.gov.br\/v1\/wp-content\/uploads\/2025\/12\/Copia-de-Logo_mis_abas_unica_geral-1-1.png 1200w\" sizes=\"auto, (max-width: 1024px) 100vw, 1024px\" \/><\/figure><\/div>\n\n\n\n<div style=\"height:31px\" aria-hidden=\"true\" class=\"wp-block-spacer\"><\/div>\n\n\n\n<p>O MIS RJ est\u00e1 sempre aberto a doa\u00e7\u00f5es de cole\u00e7\u00f5es que v\u00e3o enriquecer ainda mais o seu patrim\u00f4nio museol\u00f3gico e estimular o di\u00e1logo cultural com a sociedade.&nbsp; Os acervos, recebidos de pessoas f\u00edsicas ou jur\u00eddicas, s\u00e3o fontes inesgot\u00e1veis de pesquisas para estudiosos, escritores, m\u00fasicos e interessados das mais diversas \u00e1reas. Doa\u00e7\u00f5es s\u00e3o iniciativas que precisam ser estimuladas, s\u00e3o grandes conquistas da sociedade brasileira. Esses legados s\u00e3o recortes da nossa hist\u00f3ria, retratam mem\u00f3rias de tempos que, se n\u00e3o forem devidamente preservados, podem se perder. As doa\u00e7\u00f5es para o MIS \u2013 sejam elas iconogr\u00e1ficas, sonoras, textuais, audiovisuais, partituras, tridimensionais ou de biblioteca \u2013&nbsp;s\u00e3o um caminho para o fomento da cultura, para a democratiza\u00e7\u00e3o de tesouros que ficariam longe da aprecia\u00e7\u00e3o p\u00fablica. Como exemplo recente, citamos a doa\u00e7\u00e3o do consagrado fot\u00f3grafo Ronaldo C\u00e2mara, que reconheceu o comprometimento do MIS e doou cerca de 70 mil fotografias. O corol\u00e1rio de sua trajet\u00f3ria de sucesso j\u00e1 est\u00e1 sendo organizado pela equipe t\u00e9cnica do MIS, para futuras consultas p\u00fablicas e exposi\u00e7\u00f5es. &nbsp;&nbsp;&nbsp;&nbsp;&nbsp;&nbsp;&nbsp;&nbsp;&nbsp;&nbsp;<\/p>\n\n\n\n<p>Mas, voc\u00ea sabe como fazer uma doa\u00e7\u00e3o? O que pode ser doado? &nbsp;Vamos ent\u00e3o ver como proceder para aprimorar e contribuir ainda mais com o acervo do MIS.<\/p>\n\n\n\n<p>O primeiro passo \u00e9 entrar em contato com o MIS (<a href=\"mailto:ascom@mis.rj.gov.br\" target=\"_blank\" rel=\"noreferrer noopener\">ascom@mis.rj.gov.br<\/a>) e enviar por e-mail uma lista do que se quer doar. A equipe t\u00e9cnica respons\u00e1vel far\u00e1 uma visita ao local indicado pelo doador, para que as pe\u00e7as ofertadas sejam avaliadas.&nbsp; Ser\u00e1 analisado se o que est\u00e1 sendo oferecido tem conex\u00e3o com a identidade institucional do Museu, se vai enriquecer o acervo, preencher uma lacuna importante e dialogar com o acervo existente. Isso significa que a doa\u00e7\u00e3o deve se adequar aos eixos b\u00e1sicos que norteiam o MIS: a cultura carioca, fluminense e nacional.&nbsp;<\/p>\n\n\n\n<p>A lista do que pode ser doado \u00e9 grande: fotos, objetos textuais e tridimensionais, livros, partituras, DVD, VHS, cart\u00e3o de mem\u00f3ria, pen drive, discos, CDs e instrumentos musicais.&nbsp;&nbsp;&nbsp;&nbsp;&nbsp;&nbsp;<\/p>\n\n\n\n<p>Vamos ilustrar com alguns exemplos, sempre ressaltando que o item deve ter afinidade institucional com o MIS: raridades e itens \u00fanicos tem espa\u00e7o assegurado. No caso de partituras, as manuscritas t\u00eam relev\u00e2ncia hist\u00f3rica. Se falarmos de discos de vinil, que muita gente colecionou e ainda coleciona, s\u00e3o preciosos os LPs dif\u00edceis de encontrar e aqueles que tem m\u00fasicas que n\u00e3o foram reeditadas.<\/p>\n\n\n\n<p>Os crit\u00e9rios museol\u00f3gicos de avalia\u00e7\u00e3o de doa\u00e7\u00f5es do MIS s\u00e3o rigorosos, na medida em que tudo o que \u00e9 salvaguardado em um museu gera custo, ocupa espa\u00e7o de armazenamento e demanda responsabilidade. Assim sendo, para que as doa\u00e7\u00f5es tenham um futuro vivo e din\u00e2mico, com exposi\u00e7\u00f5es, disponibiliza\u00e7\u00e3o de material para pesquisas e outras iniciativas art\u00edsticas, esse acervo deve ser submetido \u00e0 procedimentos t\u00e9cnicos, da avalia\u00e7\u00e3o do material oferecido aos cuidados posteriores na guarda, em caso de aceite. O processo visa privilegiar doa\u00e7\u00f5es que tenham realmente pertin\u00eancia e que assim passar\u00e3o a compor o acervo do MIS ou constituir reserva t\u00e9cnica. &nbsp;Destacamos que todas as doa\u00e7\u00f5es precisam ser formalizadas por meio da assinatura de uma proposta de doa\u00e7\u00e3o, e da apresenta\u00e7\u00e3o de listagem dos itens que foram disponibilizados para doa\u00e7\u00e3o. Ap\u00f3s a verifica\u00e7\u00e3o dos t\u00e9cnicos, se a doa\u00e7\u00e3o for aceita, como esclarecemos, o passo seguinte \u00e9 a minuta do contrato e, finalmente, o contrato. &nbsp;Se a doa\u00e7\u00e3o n\u00e3o for aceita, a Funda\u00e7\u00e3o Museu da Imagem e do Som do Rio informar\u00e1 a decis\u00e3o da n\u00e3o aceita\u00e7\u00e3o dos objetos e o doador poder\u00e1 ser direcionado para outra institui\u00e7\u00e3o, se assim o desejar.<\/p>\n\n\n\n<p>Servi\u00e7o: e-mail para envio (<a href=\"mailto:ascom@mis.rj.gov.br\" target=\"_blank\" rel=\"noreferrer noopener\">ascom@mis.rj.gov.br<\/a>)<\/p>\n\n\n\n<div style=\"height:50px\" aria-hidden=\"true\" class=\"wp-block-spacer\"><\/div>\n\n\n\n<p><\/p>\n","protected":false},"excerpt":{"rendered":"<p>Doa\u00e7\u00f5es O MIS RJ est\u00e1 sempre aberto a doa\u00e7\u00f5es de cole\u00e7\u00f5es que v\u00e3o enriquecer ainda mais o seu patrim\u00f4nio museol\u00f3gico [&hellip;]<\/p>\n","protected":false},"author":2,"featured_media":0,"parent":0,"menu_order":0,"comment_status":"closed","ping_status":"closed","template":"","meta":{"site-sidebar-layout":"default","site-content-layout":"","ast-site-content-layout":"default","site-content-style":"default","site-sidebar-style":"default","ast-global-header-display":"","ast-banner-title-visibility":"","ast-main-header-display":"","ast-hfb-above-header-display":"","ast-hfb-below-header-display":"","ast-hfb-mobile-header-display":"","site-post-title":"disabled","ast-breadcrumbs-content":"","ast-featured-img":"","footer-sml-layout":"","ast-disable-related-posts":"","theme-transparent-header-meta":"","adv-header-id-meta":"","stick-header-meta":"","header-above-stick-meta":"","header-main-stick-meta":"","header-below-stick-meta":"","astra-migrate-meta-layouts":"default","ast-page-background-enabled":"default","ast-page-background-meta":{"desktop":{"background-color":"var(--ast-global-color-4)","background-image":"","background-repeat":"repeat","background-position":"center center","background-size":"auto","background-attachment":"scroll","background-type":"","background-media":"","overlay-type":"","overlay-color":"","overlay-opacity":"","overlay-gradient":""},"tablet":{"background-color":"","background-image":"","background-repeat":"repeat","background-position":"center center","background-size":"auto","background-attachment":"scroll","background-type":"","background-media":"","overlay-type":"","overlay-color":"","overlay-opacity":"","overlay-gradient":""},"mobile":{"background-color":"","background-image":"","background-repeat":"repeat","background-position":"center center","background-size":"auto","background-attachment":"scroll","background-type":"","background-media":"","overlay-type":"","overlay-color":"","overlay-opacity":"","overlay-gradient":""}},"ast-content-background-meta":{"desktop":{"background-color":"var(--ast-global-color-5)","background-image":"","background-repeat":"repeat","background-position":"center center","background-size":"auto","background-attachment":"scroll","background-type":"","background-media":"","overlay-type":"","overlay-color":"","overlay-opacity":"","overlay-gradient":""},"tablet":{"background-color":"var(--ast-global-color-5)","background-image":"","background-repeat":"repeat","background-position":"center center","background-size":"auto","background-attachment":"scroll","background-type":"","background-media":"","overlay-type":"","overlay-color":"","overlay-opacity":"","overlay-gradient":""},"mobile":{"background-color":"var(--ast-global-color-5)","background-image":"","background-repeat":"repeat","background-position":"center center","background-size":"auto","background-attachment":"scroll","background-type":"","background-media":"","overlay-type":"","overlay-color":"","overlay-opacity":"","overlay-gradient":""}},"footnotes":""},"folder":[],"class_list":["post-376","page","type-page","status-publish","hentry"],"_links":{"self":[{"href":"https:\/\/fmis.rj.gov.br\/v1\/wp-json\/wp\/v2\/pages\/376","targetHints":{"allow":["GET"]}}],"collection":[{"href":"https:\/\/fmis.rj.gov.br\/v1\/wp-json\/wp\/v2\/pages"}],"about":[{"href":"https:\/\/fmis.rj.gov.br\/v1\/wp-json\/wp\/v2\/types\/page"}],"author":[{"embeddable":true,"href":"https:\/\/fmis.rj.gov.br\/v1\/wp-json\/wp\/v2\/users\/2"}],"replies":[{"embeddable":true,"href":"https:\/\/fmis.rj.gov.br\/v1\/wp-json\/wp\/v2\/comments?post=376"}],"version-history":[{"count":9,"href":"https:\/\/fmis.rj.gov.br\/v1\/wp-json\/wp\/v2\/pages\/376\/revisions"}],"predecessor-version":[{"id":1610,"href":"https:\/\/fmis.rj.gov.br\/v1\/wp-json\/wp\/v2\/pages\/376\/revisions\/1610"}],"wp:attachment":[{"href":"https:\/\/fmis.rj.gov.br\/v1\/wp-json\/wp\/v2\/media?parent=376"}],"wp:term":[{"taxonomy":"folder","embeddable":true,"href":"https:\/\/fmis.rj.gov.br\/v1\/wp-json\/wp\/v2\/folder?post=376"}],"curies":[{"name":"wp","href":"https:\/\/api.w.org\/{rel}","templated":true}]}}