{"id":385,"date":"2024-09-20T12:20:20","date_gmt":"2024-09-20T15:20:20","guid":{"rendered":"https:\/\/fmis.rj.gov.br\/v1\/?page_id=385"},"modified":"2026-04-14T10:54:17","modified_gmt":"2026-04-14T13:54:17","slug":"acordos","status":"publish","type":"page","link":"https:\/\/fmis.rj.gov.br\/v1\/acordos\/","title":{"rendered":"Acordos"},"content":{"rendered":"\n<div style=\"height:30px\" aria-hidden=\"true\" class=\"wp-block-spacer\"><\/div>\n\n\n\n<div class=\"wp-block-media-text has-media-on-the-right is-stacked-on-mobile is-vertically-aligned-center has-medium-font-size\" style=\"margin-right:0;margin-left:0;grid-template-columns:auto 80%\"><div class=\"wp-block-media-text__content\">\n<h1 class=\"wp-block-heading has-text-align-center\"><strong><mark style=\"background-color:rgba(0, 0, 0, 0)\" class=\"has-inline-color has-ast-global-color-1-color\">Acordos<\/mark><\/strong><\/h1>\n<\/div><figure class=\"wp-block-media-text__media\"><img loading=\"lazy\" decoding=\"async\" width=\"1024\" height=\"341\" src=\"https:\/\/fmis.rj.gov.br\/v1\/wp-content\/uploads\/2025\/12\/Copia-de-Logo_mis_abas_unica_geral-1-1-1024x341.png\" alt=\"\" class=\"wp-image-1401 size-full\" srcset=\"https:\/\/fmis.rj.gov.br\/v1\/wp-content\/uploads\/2025\/12\/Copia-de-Logo_mis_abas_unica_geral-1-1-1024x341.png 1024w, https:\/\/fmis.rj.gov.br\/v1\/wp-content\/uploads\/2025\/12\/Copia-de-Logo_mis_abas_unica_geral-1-1-300x100.png 300w, https:\/\/fmis.rj.gov.br\/v1\/wp-content\/uploads\/2025\/12\/Copia-de-Logo_mis_abas_unica_geral-1-1-768x256.png 768w, https:\/\/fmis.rj.gov.br\/v1\/wp-content\/uploads\/2025\/12\/Copia-de-Logo_mis_abas_unica_geral-1-1.png 1200w\" sizes=\"auto, (max-width: 1024px) 100vw, 1024px\" \/><\/figure><\/div>\n\n\n\n<div style=\"height:20px\" aria-hidden=\"true\" class=\"wp-block-spacer\"><\/div>\n\n\n\n<p><\/p>\n\n\n\n<h2 class=\"wp-block-heading\">ACORDOS DE COOPERA\u00c7\u00c3O T\u00c9CNICA COM A FMIS RJ<\/h2>\n\n\n\n<p>\u2022 Museu do Samba<br><mark style=\"background-color:rgba(0, 0, 0, 0);color:#00d084\" class=\"has-inline-color\">Expira em novembro de 2027<\/mark><br>SEI-180003\/000336\/2025<\/p>\n\n\n\n<p>\u2022 R\u00e1dio Roquette-Pinto<br><mark style=\"background-color:rgba(0, 0, 0, 0);color:#00d084\" class=\"has-inline-color\">Expira em setembro de 2027<\/mark><br>SEI-180003\/000214\/2025<\/p>\n\n\n\n<p>\u2022 MIS SP<br><mark style=\"background-color:rgba(0, 0, 0, 0);color:#00d084\" class=\"has-inline-color\">Expira em julho de 2027<\/mark><br>SEI-180003\/000192\/2025<\/p>\n\n\n\n<p>\u2022 Clube do Choro de Santos<br><mark style=\"background-color:rgba(0, 0, 0, 0);color:#00d084\" class=\"has-inline-color\">Expira em junho de 2027<\/mark><br>SEI-180003\/000148\/2025<\/p>\n\n\n\n<p>\u2022 Universidade Santa Cec\u00edlia \u2013 UNISANTA<br><mark style=\"background-color:rgba(0, 0, 0, 0);color:#00d084\" class=\"has-inline-color\">Expira em abril de 2030<\/mark><br>SEI-180003\/000089\/2025<\/p>\n\n\n\n<p>\u2022 WIKI MOVIMENTO BRASIL<br><mark style=\"background-color:rgba(0, 0, 0, 0);color:#00d084\" class=\"has-inline-color\">Expira em outubro de 2029<\/mark><br>SEI-180003\/000137\/2024<\/p>\n\n\n\n<p>\u2022 CTAv<br><mark style=\"background-color:rgba(0, 0, 0, 0);color:#00d084\" class=\"has-inline-color\">Vigente \/ expira em dezembro de 2026<\/mark><br>SEI-180003\/000112\/2023<\/p>\n\n\n\n<p>\u2022 UNIRIO<br><mark style=\"background-color:rgba(0, 0, 0, 0);color:#00d084\" class=\"has-inline-color\">Vigente, expira em mar\u00e7o de 2026<\/mark><br>SEI-180003\/000041\/2021 e SEI-180003\/000076\/2020<\/p>\n\n\n\n<p>\u2022 IMS \u2013 R\u00c1DIO BATUTA<br><mark style=\"background-color:rgba(0, 0, 0, 0);color:#00d084\" class=\"has-inline-color\">Expira em julho de 2027<\/mark><br>SEI-180003\/000138\/2022<\/p>\n\n\n\n<p>\u2022 UNIVERSIDADE EST\u00c1CIO DE S\u00c1<br><mark style=\"background-color:rgba(0, 0, 0, 0);color:#00d084\" class=\"has-inline-color\">Expira em fevereiro de 2027<\/mark><br>SEI-180003\/000131\/2021<\/p>\n\n\n\n<p>\u2022 ESPM<br><mark style=\"background-color:rgba(0, 0, 0, 0);color:#cf2e2e\" class=\"has-inline-color\">Expirado em abril de 2025<\/mark><br>SEI-180003\/000261\/2022<\/p>\n\n\n\n<p>\u2022 RENASCEN\u00c7A CLUBE<br><mark style=\"background-color:rgba(0, 0, 0, 0);color:#cf2e2e\" class=\"has-inline-color\">Expirado em agosto de 2024<\/mark><br>Renova\u00e7\u00e3o em fase de negocia\u00e7\u00e3o<br>SEI-180003\/000161\/2023<\/p>\n\n\n\n<p>\u2022 CENTRO CULTURAL DA C\u00c2MARA MUNICIPAL DO RIO DE JANEIRO<br><mark style=\"background-color:rgba(0, 0, 0, 0);color:#cf2e2e\" class=\"has-inline-color\">Expirado em agosto de 2024<\/mark><br>SEI-180003\/000173\/2023<\/p>\n\n\n\n<p>\u2022 GR\u00caMIO RECREATIVO CACIQUE DE RAMOS<br><mark style=\"background-color:rgba(0, 0, 0, 0);color:#cf2e2e\" class=\"has-inline-color\">Expirado em agosto de 2024<\/mark><br>SEI-180003\/000094\/2022<\/p>\n\n\n\n<p>\u2022 ACAMUFEC<br><mark style=\"background-color:rgba(0, 0, 0, 0);color:#cf2e2e\" class=\"has-inline-color\">Expirado em outubro de 2022<\/mark><br>SEI-180003\/000106\/2021<\/p>\n\n\n\n<p>\u2022 CLUBE DE REGATAS DO FLAMENGO<br><mark style=\"background-color:rgba(0, 0, 0, 0);color:#cf2e2e\" class=\"has-inline-color\">Expirado em novembro de 2022<\/mark><br>SEI-180003\/000147\/2021<\/p>\n\n\n\n<p>\u2022 MITRA ARQUIEQUISCOPAL<br><mark style=\"background-color:rgba(0, 0, 0, 0);color:#cf2e2e\" class=\"has-inline-color\">Expirado em agosto de 2023<\/mark><br>SEI-180003\/000107\/2021<\/p>\n\n\n\n<p>\u2022 GOOGLE CULTURAL INSTITUTE<br><mark style=\"background-color:rgba(0, 0, 0, 0);color:#cf2e2e\" class=\"has-inline-color\">Expirado em fevereiro de 2023<\/mark><br>SEI-180003\/000049\/2020<\/p>\n\n\n\n<p><\/p>\n\n\n\n<div style=\"height:50px\" aria-hidden=\"true\" class=\"wp-block-spacer\"><\/div>\n\n\n\n<p><\/p>\n","protected":false},"excerpt":{"rendered":"<p>Acordos ACORDOS DE COOPERA\u00c7\u00c3O T\u00c9CNICA COM A FMIS RJ \u2022 Museu do SambaExpira em novembro de 2027SEI-180003\/000336\/2025 \u2022 R\u00e1dio Roquette-PintoExpira [&hellip;]<\/p>\n","protected":false},"author":2,"featured_media":0,"parent":0,"menu_order":0,"comment_status":"closed","ping_status":"closed","template":"","meta":{"site-sidebar-layout":"default","site-content-layout":"","ast-site-content-layout":"default","site-content-style":"default","site-sidebar-style":"default","ast-global-header-display":"","ast-banner-title-visibility":"","ast-main-header-display":"","ast-hfb-above-header-display":"","ast-hfb-below-header-display":"","ast-hfb-mobile-header-display":"","site-post-title":"disabled","ast-breadcrumbs-content":"","ast-featured-img":"","footer-sml-layout":"","ast-disable-related-posts":"","theme-transparent-header-meta":"","adv-header-id-meta":"","stick-header-meta":"","header-above-stick-meta":"","header-main-stick-meta":"","header-below-stick-meta":"","astra-migrate-meta-layouts":"default","ast-page-background-enabled":"default","ast-page-background-meta":{"desktop":{"background-color":"var(--ast-global-color-4)","background-image":"","background-repeat":"repeat","background-position":"center center","background-size":"auto","background-attachment":"scroll","background-type":"","background-media":"","overlay-type":"","overlay-color":"","overlay-opacity":"","overlay-gradient":""},"tablet":{"background-color":"","background-image":"","background-repeat":"repeat","background-position":"center center","background-size":"auto","background-attachment":"scroll","background-type":"","background-media":"","overlay-type":"","overlay-color":"","overlay-opacity":"","overlay-gradient":""},"mobile":{"background-color":"","background-image":"","background-repeat":"repeat","background-position":"center center","background-size":"auto","background-attachment":"scroll","background-type":"","background-media":"","overlay-type":"","overlay-color":"","overlay-opacity":"","overlay-gradient":""}},"ast-content-background-meta":{"desktop":{"background-color":"var(--ast-global-color-5)","background-image":"","background-repeat":"repeat","background-position":"center center","background-size":"auto","background-attachment":"scroll","background-type":"","background-media":"","overlay-type":"","overlay-color":"","overlay-opacity":"","overlay-gradient":""},"tablet":{"background-color":"var(--ast-global-color-5)","background-image":"","background-repeat":"repeat","background-position":"center center","background-size":"auto","background-attachment":"scroll","background-type":"","background-media":"","overlay-type":"","overlay-color":"","overlay-opacity":"","overlay-gradient":""},"mobile":{"background-color":"var(--ast-global-color-5)","background-image":"","background-repeat":"repeat","background-position":"center center","background-size":"auto","background-attachment":"scroll","background-type":"","background-media":"","overlay-type":"","overlay-color":"","overlay-opacity":"","overlay-gradient":""}},"footnotes":""},"folder":[],"class_list":["post-385","page","type-page","status-publish","hentry"],"_links":{"self":[{"href":"https:\/\/fmis.rj.gov.br\/v1\/wp-json\/wp\/v2\/pages\/385","targetHints":{"allow":["GET"]}}],"collection":[{"href":"https:\/\/fmis.rj.gov.br\/v1\/wp-json\/wp\/v2\/pages"}],"about":[{"href":"https:\/\/fmis.rj.gov.br\/v1\/wp-json\/wp\/v2\/types\/page"}],"author":[{"embeddable":true,"href":"https:\/\/fmis.rj.gov.br\/v1\/wp-json\/wp\/v2\/users\/2"}],"replies":[{"embeddable":true,"href":"https:\/\/fmis.rj.gov.br\/v1\/wp-json\/wp\/v2\/comments?post=385"}],"version-history":[{"count":22,"href":"https:\/\/fmis.rj.gov.br\/v1\/wp-json\/wp\/v2\/pages\/385\/revisions"}],"predecessor-version":[{"id":1605,"href":"https:\/\/fmis.rj.gov.br\/v1\/wp-json\/wp\/v2\/pages\/385\/revisions\/1605"}],"wp:attachment":[{"href":"https:\/\/fmis.rj.gov.br\/v1\/wp-json\/wp\/v2\/media?parent=385"}],"wp:term":[{"taxonomy":"folder","embeddable":true,"href":"https:\/\/fmis.rj.gov.br\/v1\/wp-json\/wp\/v2\/folder?post=385"}],"curies":[{"name":"wp","href":"https:\/\/api.w.org\/{rel}","templated":true}]}}