{"id":686,"date":"2024-10-07T15:03:40","date_gmt":"2024-10-07T18:03:40","guid":{"rendered":"https:\/\/fmis.rj.gov.br\/v1\/?page_id=686"},"modified":"2025-12-13T14:57:32","modified_gmt":"2025-12-13T17:57:32","slug":"sedes","status":"publish","type":"page","link":"https:\/\/fmis.rj.gov.br\/v1\/sedes\/","title":{"rendered":"Sedes"},"content":{"rendered":"\n<div style=\"height:30px\" aria-hidden=\"true\" class=\"wp-block-spacer\"><\/div>\n\n\n\n<div class=\"wp-block-media-text has-media-on-the-right is-stacked-on-mobile is-vertically-aligned-center has-medium-font-size\" style=\"margin-right:0;margin-left:0;grid-template-columns:auto 80%\"><div class=\"wp-block-media-text__content\">\n<h1 class=\"wp-block-heading has-text-align-center\"><strong><mark style=\"background-color:rgba(0, 0, 0, 0)\" class=\"has-inline-color has-ast-global-color-1-color\">Sedes<\/mark><\/strong><\/h1>\n<\/div><figure class=\"wp-block-media-text__media\"><img loading=\"lazy\" decoding=\"async\" width=\"1024\" height=\"341\" src=\"https:\/\/fmis.rj.gov.br\/v1\/wp-content\/uploads\/2025\/12\/Copia-de-Logo_mis_abas_unica_geral-1-1-1024x341.png\" alt=\"\" class=\"wp-image-1401 size-full\" srcset=\"https:\/\/fmis.rj.gov.br\/v1\/wp-content\/uploads\/2025\/12\/Copia-de-Logo_mis_abas_unica_geral-1-1-1024x341.png 1024w, https:\/\/fmis.rj.gov.br\/v1\/wp-content\/uploads\/2025\/12\/Copia-de-Logo_mis_abas_unica_geral-1-1-300x100.png 300w, https:\/\/fmis.rj.gov.br\/v1\/wp-content\/uploads\/2025\/12\/Copia-de-Logo_mis_abas_unica_geral-1-1-768x256.png 768w, https:\/\/fmis.rj.gov.br\/v1\/wp-content\/uploads\/2025\/12\/Copia-de-Logo_mis_abas_unica_geral-1-1.png 1200w\" sizes=\"auto, (max-width: 1024px) 100vw, 1024px\" \/><\/figure><\/div>\n\n\n\n<div style=\"height:30px\" aria-hidden=\"true\" class=\"wp-block-spacer\"><\/div>\n\n\n\n<figure class=\"wp-block-image size-full is-resized\"><img loading=\"lazy\" decoding=\"async\" width=\"585\" height=\"1024\" src=\"https:\/\/fmis.rj.gov.br\/v1\/wp-content\/uploads\/2024\/10\/17_Nova-Sede-Lapa.jpg\" alt=\"\" class=\"wp-image-625\" style=\"width:800px\" srcset=\"https:\/\/fmis.rj.gov.br\/v1\/wp-content\/uploads\/2024\/10\/17_Nova-Sede-Lapa.jpg 585w, https:\/\/fmis.rj.gov.br\/v1\/wp-content\/uploads\/2024\/10\/17_Nova-Sede-Lapa-171x300.jpg 171w\" sizes=\"auto, (max-width: 585px) 100vw, 585px\" \/><\/figure>\n\n\n\n<h2 class=\"wp-block-heading\">Lapa<\/h2>\n\n\n\n<p>Tradicional reduto da bo\u00eamia carioca, a Lapa abriga em seu cora\u00e7\u00e3o, num pr\u00e9dio charmoso, a sede onde o visitante pode acessar o Banco de Dados com informa\u00e7\u00f5es sobre o vasto acervo. Tamb\u00e9m vai encontrar partituras, scripts de programas e documentos textuais das diversas cole\u00e7\u00f5es do MIS. Al\u00e9m dos registros digitalizados, documentos sonoros das mais diversas m\u00eddias (discos de 78 RPMs, LPs, CDs, fitas cassete e rolos) podem ser ouvidos com equipamentos apropriados.<\/p>\n\n\n\n<figure class=\"wp-block-image size-full is-resized\"><img loading=\"lazy\" decoding=\"async\" width=\"750\" height=\"1000\" src=\"https:\/\/fmis.rj.gov.br\/v1\/wp-content\/uploads\/2024\/10\/MIS-Praca-XV-05.jpg\" alt=\"\" class=\"wp-image-687\" style=\"width:800px\" srcset=\"https:\/\/fmis.rj.gov.br\/v1\/wp-content\/uploads\/2024\/10\/MIS-Praca-XV-05.jpg 750w, https:\/\/fmis.rj.gov.br\/v1\/wp-content\/uploads\/2024\/10\/MIS-Praca-XV-05-225x300.jpg 225w\" sizes=\"auto, (max-width: 750px) 100vw, 750px\" \/><\/figure>\n\n\n\n<figure class=\"wp-block-image size-full is-resized\"><img loading=\"lazy\" decoding=\"async\" width=\"1024\" height=\"768\" src=\"https:\/\/fmis.rj.gov.br\/v1\/wp-content\/uploads\/2024\/10\/MIS-Praca-XV-04-1024x768-1.jpg\" alt=\"\" class=\"wp-image-688\" style=\"width:803px\" srcset=\"https:\/\/fmis.rj.gov.br\/v1\/wp-content\/uploads\/2024\/10\/MIS-Praca-XV-04-1024x768-1.jpg 1024w, https:\/\/fmis.rj.gov.br\/v1\/wp-content\/uploads\/2024\/10\/MIS-Praca-XV-04-1024x768-1-300x225.jpg 300w, https:\/\/fmis.rj.gov.br\/v1\/wp-content\/uploads\/2024\/10\/MIS-Praca-XV-04-1024x768-1-768x576.jpg 768w\" sizes=\"auto, (max-width: 1024px) 100vw, 1024px\" \/><\/figure>\n\n\n\n<h2 class=\"wp-block-heading\">Pra\u00e7a XV<\/h2>\n\n\n\n<p>No centro do Rio de Janeiro, palco de grandes eventos hist\u00f3ricos, fica a imponente sede neocl\u00e1ssica do MIS. O edif\u00edcio, de 1922, na Pra\u00e7a Luiz Souza Dantas, 01 (Pra\u00e7a XV), conta com dois pavimentos e foi constru\u00eddo para ser o Pavilh\u00e3o do Distrito Federal na Exposi\u00e7\u00e3o do Centen\u00e1rio da Independ\u00eancia. L\u00e1 o visitante encontrar\u00e1 o acervo iconogr\u00e1fico com as fotografias de Augusto Malta e Guilherme Santos, al\u00e9m de boa parte das cole\u00e7\u00f5es de partituras de Jacob do Bandolim e Almirante.<\/p>\n\n\n\n<div style=\"height:50px\" aria-hidden=\"true\" class=\"wp-block-spacer\"><\/div>\n\n\n\n<figure class=\"wp-block-image size-large\"><img loading=\"lazy\" decoding=\"async\" width=\"1024\" height=\"722\" src=\"https:\/\/fmis.rj.gov.br\/v1\/wp-content\/uploads\/2025\/07\/miscopa-1024x722.jpg\" alt=\"\" class=\"wp-image-1056\" srcset=\"https:\/\/fmis.rj.gov.br\/v1\/wp-content\/uploads\/2025\/07\/miscopa-1024x722.jpg 1024w, https:\/\/fmis.rj.gov.br\/v1\/wp-content\/uploads\/2025\/07\/miscopa-300x212.jpg 300w, https:\/\/fmis.rj.gov.br\/v1\/wp-content\/uploads\/2025\/07\/miscopa-768x542.jpg 768w, https:\/\/fmis.rj.gov.br\/v1\/wp-content\/uploads\/2025\/07\/miscopa.jpg 1280w\" sizes=\"auto, (max-width: 1024px) 100vw, 1024px\" \/><\/figure>\n\n\n\n<figure class=\"wp-block-image size-large\"><img loading=\"lazy\" decoding=\"async\" width=\"1024\" height=\"291\" src=\"https:\/\/fmis.rj.gov.br\/v1\/wp-content\/uploads\/2025\/07\/barralogos-miscopa-1024x291.jpg\" alt=\"\" class=\"wp-image-1058\" srcset=\"https:\/\/fmis.rj.gov.br\/v1\/wp-content\/uploads\/2025\/07\/barralogos-miscopa-1024x291.jpg 1024w, https:\/\/fmis.rj.gov.br\/v1\/wp-content\/uploads\/2025\/07\/barralogos-miscopa-300x85.jpg 300w, https:\/\/fmis.rj.gov.br\/v1\/wp-content\/uploads\/2025\/07\/barralogos-miscopa-768x218.jpg 768w, https:\/\/fmis.rj.gov.br\/v1\/wp-content\/uploads\/2025\/07\/barralogos-miscopa-1536x437.jpg 1536w, https:\/\/fmis.rj.gov.br\/v1\/wp-content\/uploads\/2025\/07\/barralogos-miscopa.jpg 1572w\" sizes=\"auto, (max-width: 1024px) 100vw, 1024px\" \/><\/figure>\n\n\n\n<h2 class=\"wp-block-heading\">Copacabana (em implanta\u00e7\u00e3o)<\/h2>\n\n\n\n<p>\u00c0 beira-mar, na ic\u00f4nica Avenida Atl\u00e2ntica, surge a nova sede do MIS, um marco arquitet\u00f4nico que promete transformar a paisagem cultural do Rio de Janeiro.<br>Concebido pelo renomado escrit\u00f3rio americano Diller Scofidio + Renfro em parceria com o brasileiro \u00cdndio da Costa, o edif\u00edcio prop\u00f5e um &#8220;boulevard vertical&#8221;&nbsp; uma jornada imersiva pela riqueza da cultura carioca e brasileira.<\/p>\n\n\n\n<p>Mais do que um museu, o espa\u00e7o ser\u00e1 uma experi\u00eancia sensorial, integrando tecnologia, interatividade e mem\u00f3ria. Pelas exposi\u00e7\u00f5es, o visitante poder\u00e1 mergulhar na hist\u00f3ria da cidade celebrada mundialmente por seu carnaval, samba, choro, funk, MPB e bossa nova, em di\u00e1logo com linguagens contempor\u00e2neas.<\/p>\n\n\n\n<p>A estrutura contar\u00e1 com salas para exposi\u00e7\u00f5es de longa dura\u00e7\u00e3o e tempor\u00e1rias, espa\u00e7os educativos, um cine teatro\/audit\u00f3rio com capacidade para 300 pessoas, al\u00e9m de \u00e1reas de conv\u00edvio como cafeteria, restaurante panor\u00e2mico, bar com terra\u00e7o e um mirante no topo do edif\u00edcio&nbsp; de onde se descortina o espet\u00e1culo de Copacabana.<\/p>\n\n\n\n<p>Em breve, um novo \u00edcone se juntar\u00e1 ao patrim\u00f4nio do MIS, celebrando a imagem e o som do Rio em um cen\u00e1rio t\u00e3o deslumbrante quanto a cultura que homenageia.<\/p>\n\n\n\n<p>A inaugura\u00e7\u00e3o est\u00e1 prevista para o segundo semestre de 2026.<\/p>\n\n\n\n<div style=\"height:50px\" aria-hidden=\"true\" class=\"wp-block-spacer\"><\/div>\n","protected":false},"excerpt":{"rendered":"<p>Sedes Lapa Tradicional reduto da bo\u00eamia carioca, a Lapa abriga em seu cora\u00e7\u00e3o, num pr\u00e9dio charmoso, a sede onde o [&hellip;]<\/p>\n","protected":false},"author":2,"featured_media":0,"parent":0,"menu_order":0,"comment_status":"closed","ping_status":"closed","template":"","meta":{"site-sidebar-layout":"default","site-content-layout":"","ast-site-content-layout":"default","site-content-style":"default","site-sidebar-style":"default","ast-global-header-display":"","ast-banner-title-visibility":"","ast-main-header-display":"","ast-hfb-above-header-display":"","ast-hfb-below-header-display":"","ast-hfb-mobile-header-display":"","site-post-title":"","ast-breadcrumbs-content":"","ast-featured-img":"","footer-sml-layout":"","ast-disable-related-posts":"","theme-transparent-header-meta":"","adv-header-id-meta":"","stick-header-meta":"","header-above-stick-meta":"","header-main-stick-meta":"","header-below-stick-meta":"","astra-migrate-meta-layouts":"default","ast-page-background-enabled":"default","ast-page-background-meta":{"desktop":{"background-color":"var(--ast-global-color-4)","background-image":"","background-repeat":"repeat","background-position":"center center","background-size":"auto","background-attachment":"scroll","background-type":"","background-media":"","overlay-type":"","overlay-color":"","overlay-opacity":"","overlay-gradient":""},"tablet":{"background-color":"","background-image":"","background-repeat":"repeat","background-position":"center center","background-size":"auto","background-attachment":"scroll","background-type":"","background-media":"","overlay-type":"","overlay-color":"","overlay-opacity":"","overlay-gradient":""},"mobile":{"background-color":"","background-image":"","background-repeat":"repeat","background-position":"center center","background-size":"auto","background-attachment":"scroll","background-type":"","background-media":"","overlay-type":"","overlay-color":"","overlay-opacity":"","overlay-gradient":""}},"ast-content-background-meta":{"desktop":{"background-color":"var(--ast-global-color-5)","background-image":"","background-repeat":"repeat","background-position":"center center","background-size":"auto","background-attachment":"scroll","background-type":"","background-media":"","overlay-type":"","overlay-color":"","overlay-opacity":"","overlay-gradient":""},"tablet":{"background-color":"var(--ast-global-color-5)","background-image":"","background-repeat":"repeat","background-position":"center center","background-size":"auto","background-attachment":"scroll","background-type":"","background-media":"","overlay-type":"","overlay-color":"","overlay-opacity":"","overlay-gradient":""},"mobile":{"background-color":"var(--ast-global-color-5)","background-image":"","background-repeat":"repeat","background-position":"center center","background-size":"auto","background-attachment":"scroll","background-type":"","background-media":"","overlay-type":"","overlay-color":"","overlay-opacity":"","overlay-gradient":""}},"footnotes":""},"folder":[],"class_list":["post-686","page","type-page","status-publish","hentry"],"_links":{"self":[{"href":"https:\/\/fmis.rj.gov.br\/v1\/wp-json\/wp\/v2\/pages\/686","targetHints":{"allow":["GET"]}}],"collection":[{"href":"https:\/\/fmis.rj.gov.br\/v1\/wp-json\/wp\/v2\/pages"}],"about":[{"href":"https:\/\/fmis.rj.gov.br\/v1\/wp-json\/wp\/v2\/types\/page"}],"author":[{"embeddable":true,"href":"https:\/\/fmis.rj.gov.br\/v1\/wp-json\/wp\/v2\/users\/2"}],"replies":[{"embeddable":true,"href":"https:\/\/fmis.rj.gov.br\/v1\/wp-json\/wp\/v2\/comments?post=686"}],"version-history":[{"count":9,"href":"https:\/\/fmis.rj.gov.br\/v1\/wp-json\/wp\/v2\/pages\/686\/revisions"}],"predecessor-version":[{"id":1425,"href":"https:\/\/fmis.rj.gov.br\/v1\/wp-json\/wp\/v2\/pages\/686\/revisions\/1425"}],"wp:attachment":[{"href":"https:\/\/fmis.rj.gov.br\/v1\/wp-json\/wp\/v2\/media?parent=686"}],"wp:term":[{"taxonomy":"folder","embeddable":true,"href":"https:\/\/fmis.rj.gov.br\/v1\/wp-json\/wp\/v2\/folder?post=686"}],"curies":[{"name":"wp","href":"https:\/\/api.w.org\/{rel}","templated":true}]}}